{"id":24989,"date":"2024-07-06T17:06:42","date_gmt":"2024-07-06T17:06:42","guid":{"rendered":"https:\/\/hd-guard.com\/?page_id=24989"},"modified":"2024-07-06T17:21:04","modified_gmt":"2024-07-06T17:21:04","slug":"blog","status":"publish","type":"page","link":"https:\/\/hd-guard.com\/ar\/blog\/","title":{"rendered":"Blog"},"content":{"rendered":"<div data-elementor-type=\"wp-page\" data-elementor-id=\"24989\" class=\"elementor elementor-24989\" data-elementor-post-type=\"page\">\n\t\t\t\t<div class=\"elementor-element elementor-element-260f296 e-flex e-con-boxed e-con e-parent\" data-id=\"260f296\" data-element_type=\"container\" data-e-type=\"container\">\n\t\t\t\t\t<div class=\"e-con-inner\">\n\t\t\t\t<div class=\"elementor-element elementor-element-b45e98a elementor-grid-3 elementor-grid-tablet-2 elementor-grid-mobile-1 elementor-posts--thumbnail-top elementor-widget elementor-widget-posts\" data-id=\"b45e98a\" data-element_type=\"widget\" data-e-type=\"widget\" data-settings=\"{&quot;classic_columns&quot;:&quot;3&quot;,&quot;classic_columns_tablet&quot;:&quot;2&quot;,&quot;classic_columns_mobile&quot;:&quot;1&quot;,&quot;classic_row_gap&quot;:{&quot;unit&quot;:&quot;px&quot;,&quot;size&quot;:35,&quot;sizes&quot;:[]},&quot;classic_row_gap_tablet&quot;:{&quot;unit&quot;:&quot;px&quot;,&quot;size&quot;:&quot;&quot;,&quot;sizes&quot;:[]},&quot;classic_row_gap_mobile&quot;:{&quot;unit&quot;:&quot;px&quot;,&quot;size&quot;:&quot;&quot;,&quot;sizes&quot;:[]}}\" data-widget_type=\"posts.classic\">\n\t\t\t\t<div class=\"elementor-widget-container\">\n\t\t\t\t\t\t\t<div class=\"elementor-posts-container elementor-posts elementor-posts--skin-classic elementor-grid\">\n\t\t\t\t<article class=\"elementor-post elementor-grid-item post-35210 post type-post status-publish format-standard hentry category-glory-tr-2\">\n\t\t\t\t<div class=\"elementor-post__text\">\n\t\t\t\t<h3 class=\"elementor-post__title\">\n\t\t\t<a href=\"https:\/\/hd-guard.com\/ar\/blog\/2026\/04\/23\/glory-casino-turkiye-de-parayla-oynamaya-nasl-14\/\" >\n\t\t\t\tGlory Casino T\u00fcrkiye&#8217;de parayla oynamaya nas\u0131l ba\u015flan\u0131r kay\u0131t ve siteye h\u0131zl\u0131 giri\u015f H\u0131zl\u0131 kay\u0131t ve ho\u015f geldin bonusu Glory Casino&#8217;nun resmi web sitesinde Glory&#8217;nin yeni adresini nerede bulabilirim? 2026&#8217;te T\u00fcrkiye&#8217;den oyuncular i\u00e7in en iyi slot makineleri, poker, lekjack ve rulet.\t\t\t<\/a>\n\t\t<\/h3>\n\t\t\n\t\t<a class=\"elementor-post__read-more\" href=\"https:\/\/hd-guard.com\/ar\/blog\/2026\/04\/23\/glory-casino-turkiye-de-parayla-oynamaya-nasl-14\/\" aria-label=\"Read more about Glory Casino T\u00fcrkiye&#8217;de parayla oynamaya nas\u0131l ba\u015flan\u0131r kay\u0131t ve siteye h\u0131zl\u0131 giri\u015f H\u0131zl\u0131 kay\u0131t ve ho\u015f geldin bonusu Glory Casino&#8217;nun resmi web sitesinde Glory&#8217;nin yeni adresini nerede bulabilirim? 2026&#8217;te T\u00fcrkiye&#8217;den oyuncular i\u00e7in en iyi slot makineleri, poker, lekjack ve rulet.\" tabindex=\"-1\" >\n\t\t\tRead More \u00bb\t\t<\/a>\n\n\t\t\t\t<\/div>\n\t\t\t\t<\/article>\n\t\t\t\t<article class=\"elementor-post elementor-grid-item post-35209 post type-post status-publish format-standard hentry category-resources\">\n\t\t\t\t<div class=\"elementor-post__text\">\n\t\t\t\t<h3 class=\"elementor-post__title\">\n\t\t\t<a href=\"https:\/\/hd-guard.com\/ar\/blog\/2026\/04\/22\/visual-structure-and-attention-flows-446\/\" >\n\t\t\t\tVisual structure and attention flows\t\t\t<\/a>\n\t\t<\/h3>\n\t\t\n\t\t<a class=\"elementor-post__read-more\" href=\"https:\/\/hd-guard.com\/ar\/blog\/2026\/04\/22\/visual-structure-and-attention-flows-446\/\" aria-label=\"Read more about Visual structure and attention flows\" tabindex=\"-1\" >\n\t\t\tRead More \u00bb\t\t<\/a>\n\n\t\t\t\t<\/div>\n\t\t\t\t<\/article>\n\t\t\t\t<article class=\"elementor-post elementor-grid-item post-35206 post type-post status-publish format-standard hentry category-games\">\n\t\t\t\t<div class=\"elementor-post__text\">\n\t\t\t\t<h3 class=\"elementor-post__title\">\n\t\t\t<a href=\"https:\/\/hd-guard.com\/ar\/blog\/2026\/04\/22\/check-out-the-latest-fresh-gaming-platforms-opening-in-the-united-kingdom\/\" >\n\t\t\t\tCheck out the Latest Fresh Gaming Platforms Opening In the United Kingdom\t\t\t<\/a>\n\t\t<\/h3>\n\t\t\n\t\t<a class=\"elementor-post__read-more\" href=\"https:\/\/hd-guard.com\/ar\/blog\/2026\/04\/22\/check-out-the-latest-fresh-gaming-platforms-opening-in-the-united-kingdom\/\" aria-label=\"Read more about Check out the Latest Fresh Gaming Platforms Opening In the United Kingdom\" tabindex=\"-1\" >\n\t\t\tRead More \u00bb\t\t<\/a>\n\n\t\t\t\t<\/div>\n\t\t\t\t<\/article>\n\t\t\t\t<article class=\"elementor-post elementor-grid-item post-35204 post type-post status-publish format-standard hentry category-games\">\n\t\t\t\t<div class=\"elementor-post__text\">\n\t\t\t\t<h3 class=\"elementor-post__title\">\n\t\t\t<a href=\"https:\/\/hd-guard.com\/ar\/blog\/2026\/04\/22\/why-non-verification-gaming-sites-are-becoming-more-popular-among-british-players\/\" >\n\t\t\t\tWhy Non-Verification Gaming Sites Are Becoming More Popular Among British Players\t\t\t<\/a>\n\t\t<\/h3>\n\t\t\n\t\t<a class=\"elementor-post__read-more\" href=\"https:\/\/hd-guard.com\/ar\/blog\/2026\/04\/22\/why-non-verification-gaming-sites-are-becoming-more-popular-among-british-players\/\" aria-label=\"Read more about Why Non-Verification Gaming Sites Are Becoming More Popular Among British Players\" tabindex=\"-1\" >\n\t\t\tRead More \u00bb\t\t<\/a>\n\n\t\t\t\t<\/div>\n\t\t\t\t<\/article>\n\t\t\t\t<article class=\"elementor-post elementor-grid-item post-35201 post type-post status-publish format-standard hentry category-games\">\n\t\t\t\t<div class=\"elementor-post__text\">\n\t\t\t\t<h3 class=\"elementor-post__title\">\n\t\t\t<a href=\"https:\/\/hd-guard.com\/ar\/blog\/2026\/04\/22\/how-to-select-the-top-licensed-internet-gaming-sites-in-the-uk\/\" >\n\t\t\t\tHow to Select the Top Licensed Internet Gaming Sites in the UK\t\t\t<\/a>\n\t\t<\/h3>\n\t\t\n\t\t<a class=\"elementor-post__read-more\" href=\"https:\/\/hd-guard.com\/ar\/blog\/2026\/04\/22\/how-to-select-the-top-licensed-internet-gaming-sites-in-the-uk\/\" aria-label=\"Read more about How to Select the Top Licensed Internet Gaming Sites in the UK\" tabindex=\"-1\" >\n\t\t\tRead More \u00bb\t\t<\/a>\n\n\t\t\t\t<\/div>\n\t\t\t\t<\/article>\n\t\t\t\t<article class=\"elementor-post elementor-grid-item post-35196 post type-post status-publish format-standard hentry category-games\">\n\t\t\t\t<div class=\"elementor-post__text\">\n\t\t\t\t<h3 class=\"elementor-post__title\">\n\t\t\t<a href=\"https:\/\/hd-guard.com\/ar\/blog\/2026\/04\/21\/how-to-pick-secure-and-licensed-uk-casino-sites-for-actual-cash-play\/\" >\n\t\t\t\tHow to Pick Secure and Licensed UK Casino Sites for Actual Cash Play\t\t\t<\/a>\n\t\t<\/h3>\n\t\t\n\t\t<a class=\"elementor-post__read-more\" href=\"https:\/\/hd-guard.com\/ar\/blog\/2026\/04\/21\/how-to-pick-secure-and-licensed-uk-casino-sites-for-actual-cash-play\/\" aria-label=\"Read more about How to Pick Secure and Licensed UK Casino Sites for Actual Cash Play\" tabindex=\"-1\" >\n\t\t\tRead More \u00bb\t\t<\/a>\n\n\t\t\t\t<\/div>\n\t\t\t\t<\/article>\n\t\t\t\t<article class=\"elementor-post elementor-grid-item post-35180 post type-post status-publish format-standard hentry category-jeux\">\n\t\t\t\t<div class=\"elementor-post__text\">\n\t\t\t\t<h3 class=\"elementor-post__title\">\n\t\t\t<a href=\"https:\/\/hd-guard.com\/ar\/blog\/2026\/04\/17\/comment-trouver-le-ideal-site-de-paris-sportif-pour-vos-besoins\/\" >\n\t\t\t\tComment trouver le id\u00e9al site de paris sportif pour vos besoins\t\t\t<\/a>\n\t\t<\/h3>\n\t\t\n\t\t<a class=\"elementor-post__read-more\" href=\"https:\/\/hd-guard.com\/ar\/blog\/2026\/04\/17\/comment-trouver-le-ideal-site-de-paris-sportif-pour-vos-besoins\/\" aria-label=\"Read more about Comment trouver le id\u00e9al site de paris sportif pour vos besoins\" tabindex=\"-1\" >\n\t\t\tRead More \u00bb\t\t<\/a>\n\n\t\t\t\t<\/div>\n\t\t\t\t<\/article>\n\t\t\t\t<article class=\"elementor-post elementor-grid-item post-35178 post type-post status-publish format-standard hentry category-jeux\">\n\t\t\t\t<div class=\"elementor-post__text\">\n\t\t\t\t<h3 class=\"elementor-post__title\">\n\t\t\t<a href=\"https:\/\/hd-guard.com\/ar\/blog\/2026\/04\/17\/comment-trouver-la-meilleur-site-de-pari-sportif-en-ligne-fiable\/\" >\n\t\t\t\tComment trouver la meilleur site de pari sportif en ligne fiable\t\t\t<\/a>\n\t\t<\/h3>\n\t\t\n\t\t<a class=\"elementor-post__read-more\" href=\"https:\/\/hd-guard.com\/ar\/blog\/2026\/04\/17\/comment-trouver-la-meilleur-site-de-pari-sportif-en-ligne-fiable\/\" aria-label=\"Read more about Comment trouver la meilleur site de pari sportif en ligne fiable\" tabindex=\"-1\" >\n\t\t\tRead More \u00bb\t\t<\/a>\n\n\t\t\t\t<\/div>\n\t\t\t\t<\/article>\n\t\t\t\t<article class=\"elementor-post elementor-grid-item post-35176 post type-post status-publish format-standard hentry category-spellen\">\n\t\t\t\t<div class=\"elementor-post__text\">\n\t\t\t\t<h3 class=\"elementor-post__title\">\n\t\t\t<a href=\"https:\/\/hd-guard.com\/ar\/blog\/2026\/04\/17\/waarom-nederlandse-spelers-selecteren-een-online-casino-in-het-buitenland\/\" >\n\t\t\t\tWaarom Nederlandse spelers selecteren een online casino in het buitenland\t\t\t<\/a>\n\t\t<\/h3>\n\t\t\n\t\t<a class=\"elementor-post__read-more\" href=\"https:\/\/hd-guard.com\/ar\/blog\/2026\/04\/17\/waarom-nederlandse-spelers-selecteren-een-online-casino-in-het-buitenland\/\" aria-label=\"Read more about Waarom Nederlandse spelers selecteren een online casino in het buitenland\" tabindex=\"-1\" >\n\t\t\tRead More \u00bb\t\t<\/a>\n\n\t\t\t\t<\/div>\n\t\t\t\t<\/article>\n\t\t\t\t<article class=\"elementor-post elementor-grid-item post-35184 post type-post status-publish format-standard hentry category-pin-up-ru\">\n\t\t\t\t<div class=\"elementor-post__text\">\n\t\t\t\t<h3 class=\"elementor-post__title\">\n\t\t\t<a href=\"https:\/\/hd-guard.com\/ar\/blog\/2026\/04\/17\/oficialnyj-sajt-onlajn-kazino-pin-ap-vhod-i-118\/\" >\n\t\t\t\t\u041e\u0444\u0438\u0446\u0438\u0430\u043b\u044c\u043d\u044b\u0439 \u0441\u0430\u0439\u0442 \u043e\u043d\u043b\u0430\u0439\u043d \u043a\u0430\u0437\u0438\u043d\u043e \u041f\u0438\u043d \u0410\u043f \u0432\u0445\u043e\u0434 \u0438 \u0440\u0435\u0433\u0438\u0441\u0442\u0440\u0430\u0446\u0438\u044f\t\t\t<\/a>\n\t\t<\/h3>\n\t\t\n\t\t<a class=\"elementor-post__read-more\" href=\"https:\/\/hd-guard.com\/ar\/blog\/2026\/04\/17\/oficialnyj-sajt-onlajn-kazino-pin-ap-vhod-i-118\/\" aria-label=\"Read more about \u041e\u0444\u0438\u0446\u0438\u0430\u043b\u044c\u043d\u044b\u0439 \u0441\u0430\u0439\u0442 \u043e\u043d\u043b\u0430\u0439\u043d \u043a\u0430\u0437\u0438\u043d\u043e \u041f\u0438\u043d \u0410\u043f \u0432\u0445\u043e\u0434 \u0438 \u0440\u0435\u0433\u0438\u0441\u0442\u0440\u0430\u0446\u0438\u044f\" tabindex=\"-1\" >\n\t\t\tRead More \u00bb\t\t<\/a>\n\n\t\t\t\t<\/div>\n\t\t\t\t<\/article>\n\t\t\t\t<article class=\"elementor-post elementor-grid-item post-35174 post type-post status-publish format-standard hentry category-games\">\n\t\t\t\t<div class=\"elementor-post__text\">\n\t\t\t\t<h3 class=\"elementor-post__title\">\n\t\t\t<a href=\"https:\/\/hd-guard.com\/ar\/blog\/2026\/04\/16\/how-vip-casino-tiers-unlock-exclusive-perks-and-exclusive-advantages\/\" >\n\t\t\t\tHow VIP Casino Tiers Unlock Exclusive Perks and Exclusive Advantages\t\t\t<\/a>\n\t\t<\/h3>\n\t\t\n\t\t<a class=\"elementor-post__read-more\" href=\"https:\/\/hd-guard.com\/ar\/blog\/2026\/04\/16\/how-vip-casino-tiers-unlock-exclusive-perks-and-exclusive-advantages\/\" aria-label=\"Read more about How VIP Casino Tiers Unlock Exclusive Perks and Exclusive Advantages\" tabindex=\"-1\" >\n\t\t\tRead More \u00bb\t\t<\/a>\n\n\t\t\t\t<\/div>\n\t\t\t\t<\/article>\n\t\t\t\t<article class=\"elementor-post elementor-grid-item post-35172 post type-post status-publish format-standard hentry category-games\">\n\t\t\t\t<div class=\"elementor-post__text\">\n\t\t\t\t<h3 class=\"elementor-post__title\">\n\t\t\t<a href=\"https:\/\/hd-guard.com\/ar\/blog\/2026\/04\/15\/how-crypto-gaming-platforms-are-revolutionizing-internet-gaming-with-blockchain-based-payments\/\" >\n\t\t\t\tHow Crypto Gaming Platforms Are Revolutionizing Internet Gaming with Blockchain-Based Payments\t\t\t<\/a>\n\t\t<\/h3>\n\t\t\n\t\t<a class=\"elementor-post__read-more\" href=\"https:\/\/hd-guard.com\/ar\/blog\/2026\/04\/15\/how-crypto-gaming-platforms-are-revolutionizing-internet-gaming-with-blockchain-based-payments\/\" aria-label=\"Read more about How Crypto Gaming Platforms Are Revolutionizing Internet Gaming with Blockchain-Based Payments\" tabindex=\"-1\" >\n\t\t\tRead More \u00bb\t\t<\/a>\n\n\t\t\t\t<\/div>\n\t\t\t\t<\/article>\n\t\t\t\t<\/div>\n\t\t\n\t\t\t\t\t\t<\/div>\n\t\t\t\t<\/div>\n\t\t\t\t\t<\/div>\n\t\t\t\t<\/div>\n\t\t\t\t<\/div>","protected":false},"excerpt":{"rendered":"","protected":false},"author":5,"featured_media":0,"parent":0,"menu_order":0,"comment_status":"closed","ping_status":"closed","template":"","meta":{"_monsterinsights_skip_tracking":false,"_monsterinsights_sitenote_active":false,"_monsterinsights_sitenote_note":"","_monsterinsights_sitenote_category":0,"footnotes":""},"class_list":["post-24989","page","type-page","status-publish","hentry"],"aioseo_notices":[],"_links":{"self":[{"href":"https:\/\/hd-guard.com\/ar\/wp-json\/wp\/v2\/pages\/24989","targetHints":{"allow":["GET"]}}],"collection":[{"href":"https:\/\/hd-guard.com\/ar\/wp-json\/wp\/v2\/pages"}],"about":[{"href":"https:\/\/hd-guard.com\/ar\/wp-json\/wp\/v2\/types\/page"}],"author":[{"embeddable":true,"href":"https:\/\/hd-guard.com\/ar\/wp-json\/wp\/v2\/users\/5"}],"replies":[{"embeddable":true,"href":"https:\/\/hd-guard.com\/ar\/wp-json\/wp\/v2\/comments?post=24989"}],"version-history":[{"count":10,"href":"https:\/\/hd-guard.com\/ar\/wp-json\/wp\/v2\/pages\/24989\/revisions"}],"predecessor-version":[{"id":24999,"href":"https:\/\/hd-guard.com\/ar\/wp-json\/wp\/v2\/pages\/24989\/revisions\/24999"}],"wp:attachment":[{"href":"https:\/\/hd-guard.com\/ar\/wp-json\/wp\/v2\/media?parent=24989"}],"curies":[{"name":"wp","href":"https:\/\/api.w.org\/{rel}","templated":true}]}}